{"id":236,"date":"2020-04-23T09:30:35","date_gmt":"2020-04-23T09:30:35","guid":{"rendered":"https:\/\/ecociaf.pt\/?page_id=236"},"modified":"2026-02-20T23:25:35","modified_gmt":"2026-02-20T23:25:35","slug":"sobre-nos","status":"publish","type":"page","link":"https:\/\/ecociaf.pt\/en\/sobre-nos\/","title":{"rendered":"About Us"},"content":{"rendered":"<div id=\"fws_69ee75a927b19\"  data-column-margin=\"default\" data-midnight=\"dark\"  class=\"wpb_row vc_row-fluid vc_row full-width-content vc_row-o-equal-height vc_row-flex vc_row-o-content-top bottomtop\"  style=\"padding-top: 400px; padding-bottom: 400px; \"><div class=\"row-bg-wrap\" data-bg-animation=\"none\" data-bg-animation-delay=\"\" data-bg-overlay=\"false\"><div class=\"inner-wrap row-bg-layer using-image\" ><div class=\"row-bg viewport-desktop using-image\"  style=\"background-image: url(https:\/\/ecociaf.pt\/wp-content\/uploads\/2020\/03\/contact-bottom.jpg); background-position: left top; background-repeat: no-repeat; \"><\/div><\/div><\/div><div class=\"row_col_wrap_12 col span_12 dark left\">\n\t<div  class=\"vc_col-sm-12 wpb_column column_container vc_column_container col no-extra-padding inherit_tablet inherit_phone\"  data-padding-pos=\"all\" data-has-bg-color=\"false\" data-bg-color=\"\" data-bg-opacity=\"1\" data-animation=\"\" data-delay=\"0\" >\n\t\t<div class=\"vc_column-inner\" >\n\t\t\t<div class=\"wpb_wrapper\">\n\t\t\t\t\n\t\t\t<\/div> \n\t\t<\/div>\n\t<\/div> \n<\/div><\/div>\n\t\t<div id=\"fws_69ee75a928514\"  data-column-margin=\"default\" data-midnight=\"light\"  class=\"wpb_row vc_row-fluid vc_row full-width-content vc_row-o-equal-height vc_row-flex vc_row-o-content-top overtop\"  style=\"padding-top: 0px; padding-bottom: 0px; \"><div class=\"row-bg-wrap\" data-bg-animation=\"none\" data-bg-animation-delay=\"\" data-bg-overlay=\"false\"><div class=\"inner-wrap row-bg-layer\" ><div class=\"row-bg viewport-desktop\"  style=\"\"><\/div><\/div><\/div><div class=\"row_col_wrap_12 col span_12 light left\">\n\t<div  class=\"vc_col-sm-6 wpb_column column_container vc_column_container col no-extra-padding inherit_tablet inherit_phone\"  data-padding-pos=\"all\" data-has-bg-color=\"false\" data-bg-color=\"\" data-bg-opacity=\"1\" data-animation=\"\" data-delay=\"0\" >\n\t\t<div class=\"vc_column-inner\" >\n\t\t\t<div class=\"wpb_wrapper\">\n\t\t\t\t\n\t\t\t<\/div> \n\t\t<\/div>\n\t<\/div> \n\n\t<div style=\" color: #ffffff;\" class=\"vc_col-sm-6 intro-overlap-hero wpb_column column_container vc_column_container col no-extra-padding inherit_tablet inherit_phone\" data-cfc=\"true\" data-using-bg=\"true\" data-padding-pos=\"all\" data-has-bg-color=\"true\" data-bg-color=\"#de0023\" data-bg-opacity=\"1\" data-animation=\"\" data-delay=\"0\" >\n\t\t<div class=\"vc_column-inner\" ><div class=\"column-bg-overlay-wrap column-bg-layer\" data-bg-animation=\"none\"><div class=\"column-bg-overlay\" style=\"opacity: 1; background-color: #de0023;\"><\/div><\/div>\n\t\t\t<div class=\"wpb_wrapper\">\n\t\t\t\t\n<div class=\"wpb_text_column wpb_content_element  vc_custom_1587721488004\" >\n\t<div class=\"wpb_wrapper\">\n\t\t<h1>Engineering in Service<br \/>\nof Heritage.<\/h1>\n\t<\/div>\n<\/div>\n\n\n\n\n<div class=\"wpb_text_column wpb_content_element\" >\n\t<div class=\"wpb_wrapper\">\n\t\t<h5>Founded in 1992, ECOCIAF \u2013 Constru\u00e7\u00e3o Civil e Obras P\u00fablicas, Lda. has built its reputation on close collaboration and open dialogue with every client,<br \/>\noffering support throughout the entire construction process \u2014 from concept to completion and maintenance.<\/h5>\n\t<\/div>\n<\/div>\n\n\n\n\n\t\t\t<\/div> \n\t\t<\/div>\n\t<\/div> \n<\/div><\/div>\n\t\t<div id=\"fws_69ee75a92946f\"  data-column-margin=\"80px\" data-midnight=\"dark\"  class=\"wpb_row vc_row-fluid vc_row\"  style=\"padding-top: 100px; padding-bottom: 100px; \"><div class=\"row-bg-wrap\" data-bg-animation=\"none\" data-bg-animation-delay=\"\" data-bg-overlay=\"false\"><div class=\"inner-wrap row-bg-layer\" ><div class=\"row-bg viewport-desktop\"  style=\"\"><\/div><\/div><\/div><div class=\"row_col_wrap_12 col span_12 dark left\">\n\t<div  class=\"vc_col-sm-12 wpb_column column_container vc_column_container col no-extra-padding inherit_tablet inherit_phone\"  data-padding-pos=\"all\" data-has-bg-color=\"false\" data-bg-color=\"\" data-bg-opacity=\"1\" data-animation=\"\" data-delay=\"0\" >\n\t\t<div class=\"vc_column-inner\" >\n\t\t\t<div class=\"wpb_wrapper\">\n\t\t\t\t<div id=\"fws_69ee75a929bb5\" data-midnight=\"\" data-column-margin=\"default\" class=\"wpb_row vc_row-fluid vc_row inner_row\"  style=\"\"><div class=\"row-bg-wrap\"> <div class=\"row-bg\" ><\/div> <\/div><div class=\"row_col_wrap_12_inner col span_12  left\">\n\t<div  class=\"vc_col-sm-6 wpb_column column_container vc_column_container col child_column no-extra-padding inherit_tablet inherit_phone\"   data-padding-pos=\"all\" data-has-bg-color=\"false\" data-bg-color=\"\" data-bg-opacity=\"1\" data-animation=\"\" data-delay=\"0\" >\n\t\t<div class=\"vc_column-inner\" >\n\t\t<div class=\"wpb_wrapper\">\n\t\t\t\n<div class=\"wpb_text_column wpb_content_element\" >\n\t<div class=\"wpb_wrapper\">\n\t\t<h5>More than just a construction company, we are a full-service firm that brings together all the expertise needed to deliver each project successfully. Our continuous investment in technological innovation allows us to excel in construction, restoration and renovation, design\/build projects, outdoor works, infrastructure, and interiors.<\/h5>\n<h5>Our diverse technical capabilities enable us to deliver tailored solutions that combine proven quality, competitive costs, and on-time delivery.<\/h5>\n\t<\/div>\n<\/div>\n\n\n\n\n\t\t<\/div> \n\t<\/div>\n\t<\/div> \n\n\t<div  class=\"vc_col-sm-6 wpb_column column_container vc_column_container col child_column no-extra-padding inherit_tablet inherit_phone\"   data-padding-pos=\"all\" data-has-bg-color=\"false\" data-bg-color=\"\" data-bg-opacity=\"1\" data-animation=\"\" data-delay=\"0\" >\n\t\t<div class=\"vc_column-inner\" >\n\t\t<div class=\"wpb_wrapper\">\n\t\t\t\n<div class=\"wpb_text_column wpb_content_element\" >\n\t<div class=\"wpb_wrapper\">\n\t\t<h5>Over the years, our expansion into new areas of operation has allowed us to merge hands-on experience with cutting-edge technology, ensuring greater reliability, efficiency, and value in every service we provide.<\/h5>\n<div>\n<div class=\"WordSection1\">\n<div>\n<div>\n<div>\n<div>\n<div>\n<div>\n<div>\n<div>\n<div>\n<div>\n<div>\n<h5>No \u00e2mbito do seu compromisso com a melhoria cont\u00ednua e a excel\u00eancia organizacional, a ECOCIAF encontra-se certificada de acordo com a norma NP EN ISO 9001:2015. Este percurso de qualidade tem sido igualmente reconhecido atrav\u00e9s da atribui\u00e7\u00e3o consecutiva do estatuto PME L\u00edder desde 2009 e do pr\u00e9mio PME Excel\u00eancia nos anos de 2010, 2014, 2017, 2018, 2020, 2022, 2023 e 2024.<\/h5>\n<\/div>\n<\/div>\n<\/div>\n<\/div>\n<\/div>\n<\/div>\n<\/div>\n<\/div>\n<\/div>\n<\/div>\n<\/div>\n<\/div>\n<\/div>\n\t<\/div>\n<\/div>\n\n\n\n\n\t\t<\/div> \n\t<\/div>\n\t<\/div> \n<\/div><\/div>\n\t\t\t<\/div> \n\t\t<\/div>\n\t<\/div> \n<\/div><\/div>\n\t\t<div id=\"fws_69ee75a92af2f\"  data-column-margin=\"default\" data-midnight=\"light\"  class=\"wpb_row vc_row-fluid vc_row full-width-section parallax_section\"  style=\"padding-top: 700px; padding-bottom: 350px; \"><div class=\"row-bg-wrap\" data-bg-animation=\"none\" data-bg-animation-delay=\"\" data-bg-overlay=\"true\"><div class=\"inner-wrap row-bg-layer using-image\" ><div class=\"row-bg viewport-desktop using-image\" data-parallax-speed=\"fast\" style=\"background-image: url(https:\/\/ecociaf.pt\/wp-content\/uploads\/2020\/04\/ej-yao-D46mXLsQRJw-unsplash.jpg); background-position: center bottom; background-repeat: no-repeat; \"><\/div><\/div><div class=\"row-bg-overlay row-bg-layer\" style=\"background-color:#070707;  opacity: 0.3; \"><\/div><\/div><div class=\"row_col_wrap_12 col span_12 light left\">\n\t<div  class=\"vc_col-sm-12 wpb_column column_container vc_column_container col no-extra-padding inherit_tablet inherit_phone\"  data-padding-pos=\"all\" data-has-bg-color=\"false\" data-bg-color=\"\" data-bg-opacity=\"1\" data-animation=\"\" data-delay=\"0\" >\n\t\t<div class=\"vc_column-inner\" >\n\t\t\t<div class=\"wpb_wrapper\">\n\t\t\t\t\n<div class=\"wpb_text_column wpb_content_element\" >\n\t<div class=\"wpb_wrapper\">\n\t\t<h2>We continue to expand and diversify our capabilities<br \/>\nensuring that we adapt to the evolving needs of each project.<br \/>\nsustainable, and high-quality solutions.<\/h2>\n\t<\/div>\n<\/div>\n\n\n\n\n\t\t\t<\/div> \n\t\t<\/div>\n\t<\/div> \n<\/div><\/div>\n\t\t<div id=\"fws_69ee75a92b927\"  data-column-margin=\"80px\" data-midnight=\"dark\"  class=\"wpb_row vc_row-fluid vc_row\"  style=\"padding-top: 100px; padding-bottom: 100px; \"><div class=\"row-bg-wrap\" data-bg-animation=\"none\" data-bg-animation-delay=\"\" data-bg-overlay=\"false\"><div class=\"inner-wrap row-bg-layer\" ><div class=\"row-bg viewport-desktop\"  style=\"\"><\/div><\/div><\/div><div class=\"row_col_wrap_12 col span_12 dark left\">\n\t<div  class=\"vc_col-sm-6 wpb_column column_container vc_column_container col no-extra-padding inherit_tablet inherit_phone\"  data-padding-pos=\"all\" data-has-bg-color=\"false\" data-bg-color=\"\" data-bg-opacity=\"1\" data-animation=\"\" data-delay=\"0\" >\n\t\t<div class=\"vc_column-inner\" >\n\t\t\t<div class=\"wpb_wrapper\">\n\t\t\t\t\n<div class=\"wpb_text_column wpb_content_element\" >\n\t<div class=\"wpb_wrapper\">\n\t\t<h4>Vision<\/h4>\n\t<\/div>\n<\/div>\n\n\n\n\n<div class=\"wpb_text_column wpb_content_element\" >\n\t<div class=\"wpb_wrapper\">\n\t\t<h5>To be a national benchmark in civil construction and public works, enhancing our clients\u2019 assets through sustainable, innovative, and high-quality solutions.<\/h5>\n\t<\/div>\n<\/div>\n\n\n\n<div class=\"divider-wrap\" data-alignment=\"default\"><div style=\"height: 25px;\" class=\"divider\"><\/div><\/div>\n<div class=\"wpb_text_column wpb_content_element\" >\n\t<div class=\"wpb_wrapper\">\n\t\t<h4>Mission<\/h4>\n\t<\/div>\n<\/div>\n\n\n\n\n<div class=\"wpb_text_column wpb_content_element\" >\n\t<div class=\"wpb_wrapper\">\n\t\t<h5>To meet our clients\u2019 needs and expectations by offering and improving our services through technical excellence, operational efficiency, and sustainable value creation.<\/h5>\n\t<\/div>\n<\/div>\n\n\n\n\n\t\t\t<\/div> \n\t\t<\/div>\n\t<\/div> \n\n\t<div  class=\"vc_col-sm-6 wpb_column column_container vc_column_container col no-extra-padding inherit_tablet inherit_phone\"  data-padding-pos=\"all\" data-has-bg-color=\"false\" data-bg-color=\"\" data-bg-opacity=\"1\" data-animation=\"\" data-delay=\"0\" >\n\t\t<div class=\"vc_column-inner\" >\n\t\t\t<div class=\"wpb_wrapper\">\n\t\t\t\t\n<div class=\"wpb_text_column wpb_content_element\" >\n\t<div class=\"wpb_wrapper\">\n\t\t<h4>Values<\/h4>\n\t<\/div>\n<\/div>\n\n\n\n\n<div class=\"wpb_text_column wpb_content_element  valores\" >\n\t<div class=\"wpb_wrapper\">\n\t\t<h5><span class=\"accent-color\">Ambition<\/span> \u2014 Always striving to do more and better<br \/>\n<span class=\"accent-color\">Dedication<\/span> \u2014 Delivering with professionalism and quality<br \/>\n<span class=\"accent-color\">Innovation<\/span> \u2014 Developing distinctive and effective solutions<br \/>\n<span class=\"accent-color\">Integrity<\/span> \u2014 Acting with honesty and respect<br \/>\n<span class=\"accent-color\">Leadership<\/span> \u2014 Building confidence through every action<br \/>\n<span class=\"accent-color\">Results<\/span> \u2014 Surpassing goals and ensuring shared success<br \/>\n<span class=\"accent-color\">Sustainability<\/span> \u2014 Respecting and protecting the environment<br \/>\n<span class=\"accent-color\">Teamwork<\/span> \u2014 Valuing the collective strength of our people<\/h5>\n\t<\/div>\n<\/div>\n\n\n\n\n\t\t\t<\/div> \n\t\t<\/div>\n\t<\/div> \n<\/div><\/div>","protected":false},"excerpt":{"rendered":"Engenharia ao Servi\u00e7o da Hist\u00f3ria. Fundada em 1992, a ECOCIAF - Constru\u00e7\u00e3o Civil e Obras P\u00fablicas, Lda. assenta a sua linha de actua\u00e7\u00e3o numa rela\u00e7\u00e3o de grande proximidade e de...","protected":false},"author":1,"featured_media":0,"parent":0,"menu_order":0,"comment_status":"closed","ping_status":"closed","template":"","meta":{"_acf_changed":false,"inline_featured_image":false,"footnotes":""},"class_list":["post-236","page","type-page","status-publish"],"acf":[],"yoast_head":"<!-- This site is optimized with the Yoast SEO plugin v20.1 - https:\/\/yoast.com\/wordpress\/plugins\/seo\/ -->\n<title>Sobre N\u00f3s - Ecociaf<\/title>\n<meta name=\"robots\" content=\"index, follow, max-snippet:-1, max-image-preview:large, max-video-preview:-1\" \/>\n<link rel=\"canonical\" href=\"https:\/\/ecociaf.pt\/en\/sobre-nos\/\" \/>\n<meta property=\"og:locale\" content=\"en_GB\" \/>\n<meta property=\"og:type\" content=\"article\" \/>\n<meta property=\"og:title\" content=\"Sobre N\u00f3s - Ecociaf\" \/>\n<meta property=\"og:url\" content=\"https:\/\/ecociaf.pt\/en\/sobre-nos\/\" \/>\n<meta property=\"og:site_name\" content=\"Ecociaf\" \/>\n<meta property=\"article:modified_time\" content=\"2026-02-20T23:25:35+00:00\" \/>\n<meta name=\"twitter:card\" content=\"summary_large_image\" \/>\n<meta name=\"twitter:label1\" content=\"Estimated reading time\" \/>\n\t<meta name=\"twitter:data1\" content=\"5 minutes\" \/>\n<script type=\"application\/ld+json\" class=\"yoast-schema-graph\">{\"@context\":\"https:\/\/schema.org\",\"@graph\":[{\"@type\":\"WebPage\",\"@id\":\"https:\/\/ecociaf.pt\/sobre-nos\/\",\"url\":\"https:\/\/ecociaf.pt\/sobre-nos\/\",\"name\":\"Sobre N\u00f3s - Ecociaf\",\"isPartOf\":{\"@id\":\"https:\/\/ecociaf.pt\/#website\"},\"datePublished\":\"2020-04-23T09:30:35+00:00\",\"dateModified\":\"2026-02-20T23:25:35+00:00\",\"breadcrumb\":{\"@id\":\"https:\/\/ecociaf.pt\/sobre-nos\/#breadcrumb\"},\"inLanguage\":\"en-GB\",\"potentialAction\":[{\"@type\":\"ReadAction\",\"target\":[\"https:\/\/ecociaf.pt\/sobre-nos\/\"]}]},{\"@type\":\"BreadcrumbList\",\"@id\":\"https:\/\/ecociaf.pt\/sobre-nos\/#breadcrumb\",\"itemListElement\":[{\"@type\":\"ListItem\",\"position\":1,\"name\":\"In\u00edcio\",\"item\":\"https:\/\/ecociaf.pt\/\"},{\"@type\":\"ListItem\",\"position\":2,\"name\":\"Sobre N\u00f3s\"}]},{\"@type\":\"WebSite\",\"@id\":\"https:\/\/ecociaf.pt\/#website\",\"url\":\"https:\/\/ecociaf.pt\/\",\"name\":\"Ecociaf\",\"description\":\"Recuperamos o passado e valorizamos o Futuro.\",\"publisher\":{\"@id\":\"https:\/\/ecociaf.pt\/#organization\"},\"potentialAction\":[{\"@type\":\"SearchAction\",\"target\":{\"@type\":\"EntryPoint\",\"urlTemplate\":\"https:\/\/ecociaf.pt\/?s={search_term_string}\"},\"query-input\":\"required name=search_term_string\"}],\"inLanguage\":\"en-GB\"},{\"@type\":\"Organization\",\"@id\":\"https:\/\/ecociaf.pt\/#organization\",\"name\":\"Ecociaf\",\"url\":\"https:\/\/ecociaf.pt\/\",\"logo\":{\"@type\":\"ImageObject\",\"inLanguage\":\"en-GB\",\"@id\":\"https:\/\/ecociaf.pt\/#\/schema\/logo\/image\/\",\"url\":\"https:\/\/ecociaf.pt\/wp-content\/uploads\/2020\/04\/ecociaf-black.png\",\"contentUrl\":\"https:\/\/ecociaf.pt\/wp-content\/uploads\/2020\/04\/ecociaf-black.png\",\"width\":286,\"height\":112,\"caption\":\"Ecociaf\"},\"image\":{\"@id\":\"https:\/\/ecociaf.pt\/#\/schema\/logo\/image\/\"}}]}<\/script>\n<!-- \/ Yoast SEO plugin. -->","yoast_head_json":{"title":"Sobre N\u00f3s - Ecociaf","robots":{"index":"index","follow":"follow","max-snippet":"max-snippet:-1","max-image-preview":"max-image-preview:large","max-video-preview":"max-video-preview:-1"},"canonical":"https:\/\/ecociaf.pt\/en\/sobre-nos\/","og_locale":"en_GB","og_type":"article","og_title":"Sobre N\u00f3s - Ecociaf","og_url":"https:\/\/ecociaf.pt\/en\/sobre-nos\/","og_site_name":"Ecociaf","article_modified_time":"2026-02-20T23:25:35+00:00","twitter_card":"summary_large_image","twitter_misc":{"Estimated reading time":"5 minutes"},"schema":{"@context":"https:\/\/schema.org","@graph":[{"@type":"WebPage","@id":"https:\/\/ecociaf.pt\/sobre-nos\/","url":"https:\/\/ecociaf.pt\/sobre-nos\/","name":"Sobre N\u00f3s - Ecociaf","isPartOf":{"@id":"https:\/\/ecociaf.pt\/#website"},"datePublished":"2020-04-23T09:30:35+00:00","dateModified":"2026-02-20T23:25:35+00:00","breadcrumb":{"@id":"https:\/\/ecociaf.pt\/sobre-nos\/#breadcrumb"},"inLanguage":"en-GB","potentialAction":[{"@type":"ReadAction","target":["https:\/\/ecociaf.pt\/sobre-nos\/"]}]},{"@type":"BreadcrumbList","@id":"https:\/\/ecociaf.pt\/sobre-nos\/#breadcrumb","itemListElement":[{"@type":"ListItem","position":1,"name":"In\u00edcio","item":"https:\/\/ecociaf.pt\/"},{"@type":"ListItem","position":2,"name":"Sobre N\u00f3s"}]},{"@type":"WebSite","@id":"https:\/\/ecociaf.pt\/#website","url":"https:\/\/ecociaf.pt\/","name":"Ecociaf","description":"Recuperamos o passado e valorizamos o Futuro.","publisher":{"@id":"https:\/\/ecociaf.pt\/#organization"},"potentialAction":[{"@type":"SearchAction","target":{"@type":"EntryPoint","urlTemplate":"https:\/\/ecociaf.pt\/?s={search_term_string}"},"query-input":"required name=search_term_string"}],"inLanguage":"en-GB"},{"@type":"Organization","@id":"https:\/\/ecociaf.pt\/#organization","name":"Ecociaf","url":"https:\/\/ecociaf.pt\/","logo":{"@type":"ImageObject","inLanguage":"en-GB","@id":"https:\/\/ecociaf.pt\/#\/schema\/logo\/image\/","url":"https:\/\/ecociaf.pt\/wp-content\/uploads\/2020\/04\/ecociaf-black.png","contentUrl":"https:\/\/ecociaf.pt\/wp-content\/uploads\/2020\/04\/ecociaf-black.png","width":286,"height":112,"caption":"Ecociaf"},"image":{"@id":"https:\/\/ecociaf.pt\/#\/schema\/logo\/image\/"}}]}},"_links":{"self":[{"href":"https:\/\/ecociaf.pt\/en\/wp-json\/wp\/v2\/pages\/236","targetHints":{"allow":["GET"]}}],"collection":[{"href":"https:\/\/ecociaf.pt\/en\/wp-json\/wp\/v2\/pages"}],"about":[{"href":"https:\/\/ecociaf.pt\/en\/wp-json\/wp\/v2\/types\/page"}],"author":[{"embeddable":true,"href":"https:\/\/ecociaf.pt\/en\/wp-json\/wp\/v2\/users\/1"}],"replies":[{"embeddable":true,"href":"https:\/\/ecociaf.pt\/en\/wp-json\/wp\/v2\/comments?post=236"}],"version-history":[{"count":51,"href":"https:\/\/ecociaf.pt\/en\/wp-json\/wp\/v2\/pages\/236\/revisions"}],"predecessor-version":[{"id":986,"href":"https:\/\/ecociaf.pt\/en\/wp-json\/wp\/v2\/pages\/236\/revisions\/986"}],"wp:attachment":[{"href":"https:\/\/ecociaf.pt\/en\/wp-json\/wp\/v2\/media?parent=236"}],"curies":[{"name":"wp","href":"https:\/\/api.w.org\/{rel}","templated":true}]}}